{"id":3,"date":"2025-05-08T22:11:14","date_gmt":"2025-05-08T13:11:14","guid":{"rendered":"https:\/\/movetojapan.support\/test\/?page_id=3"},"modified":"2025-07-12T15:51:08","modified_gmt":"2025-07-12T06:51:08","slug":"privacy-policy","status":"publish","type":"page","link":"https:\/\/akiya-sumica.com\/es\/privacy-policy\/","title":{"rendered":"Pol\u00edtica de privacidad"},"content":{"rendered":"<div data-elementor-type=\"wp-page\" data-elementor-id=\"3\" class=\"elementor elementor-3\" data-elementor-post-type=\"page\">\n\t\t\t\t<div class=\"elementor-element elementor-element-50945289 thegem-e-con-layout-thegem e-flex e-con-boxed e-con e-parent\" data-id=\"50945289\" data-element_type=\"container\" data-settings=\"{&quot;thegem_container_layout&quot;:&quot;thegem&quot;}\">\n\t\t\t\t\t<div class=\"e-con-inner\">\n\t\t\t\t<div class=\"elementor-element elementor-element-48534fdc flex-horizontal-align-default flex-horizontal-align-tablet-default flex-horizontal-align-mobile-default flex-vertical-align-default flex-vertical-align-tablet-default flex-vertical-align-mobile-default elementor-widget elementor-widget-text-editor\" data-id=\"48534fdc\" data-element_type=\"widget\" data-widget_type=\"text-editor.default\">\n\t\t\t\t<div class=\"elementor-widget-container\">\n\t\t\t\t\t\t\t\t\t\t\t\t<div class=\"elementor-text-editor elementor-clearfix\">\r\n\t\t\t\t\t\t<style><span data-mce-type=\"bookmark\" style=\"display: inline-block; width: 0px; overflow: hidden; line-height: 0;\" class=\"mce_SELRES_start\">\ufeff<\/span><br \/>\n    h2 {<br \/>      font-size: 1.5em;<br \/>      font-weight: bold;<br \/>      margin-top: 1.5em;<br \/>    }<br \/>    body {<br \/>      font-family: Arial, sans-serif;<br \/>      line-height: 1.6;<br \/>      margin: 2em;<br \/>    }<br \/>  <\/style>\n\nMuchas gracias por utilizar nuestros servicios.\n\nLa Pol\u00edtica de Privacidad (en adelante, \"la Pol\u00edtica\") establece nuestros principios de tratamiento de la informaci\u00f3n sobre privacidad. Se considera que usted o los usuarios est\u00e1n de acuerdo con la Pol\u00edtica si utilizan nuestros servicios.\n<h2>\u00bfQu\u00e9 es la informaci\u00f3n sobre privacidad?<\/h2>\nLa informaci\u00f3n personal incluye tanto la informaci\u00f3n personal como la informaci\u00f3n hist\u00f3rica y la informaci\u00f3n caracter\u00edstica.\nLa informaci\u00f3n personal se refiere a la informaci\u00f3n personal prescrita en la Ley de Protecci\u00f3n de la Informaci\u00f3n Personal o informaci\u00f3n relativa a un individuo vivo, concretamente el nombre, la fecha de nacimiento, la direcci\u00f3n, el n\u00famero de tel\u00e9fono y otra informaci\u00f3n de contacto, y cualquier otra informaci\u00f3n descrita que pueda identificar a los individuos.\nLa informaci\u00f3n distinta de la informaci\u00f3n personal corresponde al historial y a la informaci\u00f3n caracter\u00edstica, como los servicios utilizados, los productos adquiridos, el historial de p\u00e1ginas\/anuncios vistos, las palabras clave de b\u00fasqueda utilizadas por los usuarios, la hora y la fecha de uso, los m\u00e9todos de uso, el entorno de uso, el c\u00f3digo postal, el sexo, la ocupaci\u00f3n, la edad, la direcci\u00f3n IP del usuario, la informaci\u00f3n de las cookies, la informaci\u00f3n de localizaci\u00f3n y la informaci\u00f3n de identificaci\u00f3n del terminal.\n<h2>\u00bfC\u00f3mo recogen la informaci\u00f3n sobre privacidad?<\/h2>\nPodemos recopilar informaci\u00f3n personal cuando un usuario realiza un registro de usuario o utiliza cualquiera de nuestros servicios y\/o historial e informaci\u00f3n caracter\u00edstica de un usuario cuando un usuario utiliza cualquiera de nuestros servicios o visualiza cualquiera de las p\u00e1ginas de nuestro sitio web.\nSi un usuario realiza ajustes de tal forma que el uso de los servicios est\u00e1 vinculado con cualquier servicio externo, recopilaremos el ID que utilizar\u00e1 el usuario en el servicio externo y\/o la informaci\u00f3n que el usuario acepte revelar al servicio vinculado en virtud de los ajustes de privacidad del servicio externo.\n<h2>\u00bfCon qu\u00e9 fin se utiliza la informaci\u00f3n sobre privacidad?<\/h2>\nA continuaci\u00f3n se indican los fines de nuestra recopilaci\u00f3n y uso de la informaci\u00f3n sobre privacidad.\n<ul>\n \t<li>A) Presentar la informaci\u00f3n registrada, incluidos el nombre, la direcci\u00f3n, el contacto y los m\u00e9todos de pago del usuario, los servicios utilizados, los productos adquiridos y los cargos por dichos servicios\/productos para que los usuarios puedan ver y\/o corregir su informaci\u00f3n registrada y\/o ver el estado de uso.<\/li>\n \t<li>B) Utilizar una direcci\u00f3n de correo electr\u00f3nico para notificar o ponerse en contacto con los usuarios, utilizar informaci\u00f3n de contacto como el nombre y la direcci\u00f3n para enviar productos a los usuarios, ponerse en contacto con los usuarios cuando sea necesario.<\/li>\n \t<li>C) Utilizar datos como el nombre, la fecha de nacimiento, la direcci\u00f3n, el n\u00famero de tel\u00e9fono, el n\u00famero de cuenta bancaria, el n\u00famero de tarjeta de cr\u00e9dito, el n\u00famero del permiso de conducir y la llegada de correos con certificado de entrega para verificar la identidad del usuario.<\/li>\n \t<li>D) Utilizar informaci\u00f3n relacionada con el pago, como nombres\/cantidades de productos adquiridos, tipos\/per\u00edodos de servicios utilizados, n\u00famero de veces que se han utilizado los servicios, importe facturado, nombre, direcci\u00f3n, n\u00famero de cuenta bancaria y n\u00famero de tarjeta de cr\u00e9dito, con el fin de cobrar a los usuarios.<\/li>\n \t<li>E) Mostrar la informaci\u00f3n que nos ha sido registrada en una pantalla de entrada para que los usuarios puedan introducir datos f\u00e1cilmente o remitir dicha informaci\u00f3n a servicios externos siguiendo instrucciones de los usuarios.<\/li>\n \t<li>F) Utilizar informaci\u00f3n para identificar a personas f\u00edsicas, como el estado de uso, el nombre y la direcci\u00f3n, para denegar el uso del Servicio a aquellos usuarios que infrinjan las Condiciones de uso del Servicio, por ejemplo, que no paguen y causen da\u00f1os a terceros o a aquellos usuarios que intenten utilizar el Servicio con fines injustos\/ilegales.<\/li>\n \t<li>G) Utilizar la informaci\u00f3n necesaria para nuestra prestaci\u00f3n de servicios a los usuarios, como informaci\u00f3n sobre detalles de consultas y facturaci\u00f3n, estado de uso de los servicios por parte de los usuarios e informaci\u00f3n de contacto de los usuarios para responder a sus consultas.<\/li>\n \t<li>H) Elaborar datos estad\u00edsticos procesados de forma que no permitan la identificaci\u00f3n personal en relaci\u00f3n con nuestros servicios.<\/li>\n \t<li>I) Para distribuir o mostrar publicidad nuestra o de terceros<\/li>\n \t<li>J) Utilizar la informaci\u00f3n sobre privacidad para fines comerciales<\/li>\n \t<li>K) Fines incidentales a los fines de la utilizaci\u00f3n anterior<\/li>\n<\/ul>\n<h2>\u00bfProporciona informaci\u00f3n sobre privacidad a terceros?<\/h2>\nNo facilitaremos informaci\u00f3n sobre privacidad a terceros sin la aprobaci\u00f3n previa de los usuarios, salvo en los siguientes casos. Sin embargo, esto excluye los casos en los que el suministro est\u00e9 permitido por la Ley de Protecci\u00f3n de Datos Personales o por cualquier otra ley o reglamento.\n<ul>\n \t<li>A) Cuando as\u00ed lo exijan las disposiciones legales y reglamentarias<\/li>\n \t<li>B) Cuando la disposici\u00f3n sea necesaria para proteger la vida humana, el cuerpo o la propiedad y sea dif\u00edcil obtener la aprobaci\u00f3n del propio usuario.<\/li>\n \t<li>C) Cuando sea especialmente necesario para mejorar la salud p\u00fablica o promover el crecimiento sano de los ni\u00f1os y sea dif\u00edcil obtener la aprobaci\u00f3n del propio usuario.<\/li>\n \t<li>D) Cuando sea necesario ayudar a cualquier organizaci\u00f3n nacional, a una organizaci\u00f3n p\u00fablica local o a un contratista a realizar el trabajo administrativo prescrito en las leyes y reglamentos y la aprobaci\u00f3n del propio usuario pueda perturbar la realizaci\u00f3n del trabajo administrativo.<\/li>\n<\/ul>\nSi subcontratamos la totalidad o parte del tratamiento de la informaci\u00f3n sobre privacidad en la medida necesaria para lograr la finalidad del uso o la informaci\u00f3n sobre privacidad se facilita junto con la sucesi\u00f3n del negocio debido a una fusi\u00f3n o por cualquier otro motivo, no corresponder\u00e1 al suministro de informaci\u00f3n sobre privacidad a un tercero.\n\nPodemos compartir o divulgar informaci\u00f3n sobre privacidad a petici\u00f3n del usuario si \u00e9ste vincula alguno de nuestros servicios con cualquier servicio externo al utilizar nuestros servicios.\n<h2>\u00bfPuedo comprobar mis datos personales o pedirles que los corrijan?<\/h2>\nSi el propio usuario solicita la divulgaci\u00f3n de la informaci\u00f3n sobre privacidad (excluyendo la informaci\u00f3n sobre historial o caracter\u00edsticas), la divulgaremos sin demora. Sin embargo, si la divulgaci\u00f3n pudiera da\u00f1ar la vida, el cuerpo, la propiedad u otros intereses del usuario o de un tercero, pudiera causar un impedimento significativo para el correcto desempe\u00f1o de nuestro negocio o violara leyes y reglamentos, nos abstendremos de divulgar toda o parte de la informaci\u00f3n. Si decidimos no divulgar la informaci\u00f3n, se lo comunicaremos sin demora.\n\nLe cobraremos 1000 yenes por cada caso de divulgaci\u00f3n de informaci\u00f3n personal.\n\nSi la informaci\u00f3n personal de alg\u00fan usuario que poseemos es incorrecta, el usuario puede solicitarnos que corrijamos o eliminemos la informaci\u00f3n personal mediante el procedimiento estipulado por nosotros. Si un usuario realiza dicha solicitud y consideramos que es necesario atenderla, corregiremos o eliminaremos la informaci\u00f3n personal e informaremos al usuario sin demora.\n<h2>\u00bfPuedo solicitar que dejen de utilizar mis datos personales?<\/h2>\nCuando el usuario solicite que se interrumpa el uso de su informaci\u00f3n personal (en lo sucesivo, \"Interrupci\u00f3n del uso\") alegando que la informaci\u00f3n personal se maneja fuera del \u00e1mbito de los fines de uso o que la informaci\u00f3n personal se obtiene por medios injustos, llevaremos a cabo la investigaci\u00f3n necesaria y, bas\u00e1ndonos en el resultado de la investigaci\u00f3n, tomaremos medidas como la interrupci\u00f3n del uso e informaremos al usuario sin demora.\nSin embargo, tomaremos medidas alternativas si la interrupci\u00f3n del uso de la informaci\u00f3n de privacidad implica un gasto excesivo o si es dif\u00edcil y es posible tomar medidas alternativas para proteger los derechos y beneficios de los usuarios.\n<h2>Cambio de la pol\u00edtica de privacidad<\/h2>\nEsta Pol\u00edtica de Privacidad est\u00e1 sujeta a cambios sin previo aviso a los usuarios.\nLa Pol\u00edtica de Privacidad modificada entrar\u00e1 en vigor en el momento de su publicaci\u00f3n en este sitio web, a menos que especifiquemos lo contrario.\n<h2>Contacto para consultas<\/h2>\nSi tiene alguna pregunta sobre la pol\u00edtica, p\u00f3ngase en contacto con nosotros en la siguiente direcci\u00f3n de contacto<br>\nPersona de contacto: \u6728\u6751 \u5143\u7d00<br>\nDirecci\u00f3n: 3-3-10 Inuzuka, Miyamae-ku, Kawasaki-shi, Kanagawa 216-0011, Jap\u00f3n<br>\nE-mail address: info@akiya-sumica.com\n<h2>Fecha de creaci\u00f3n: 30\/06\/2025<\/h2>\n**************************************************************************************************************************************************\n\n\uff1c\u4ee5\u4e0b\u65e5\u672c\u8a9e\uff1e<br>\n\nSumica\u682a\u5f0f\u4f1a\u793e\u306e\u30b5\u30fc\u30d3\u30b9\u3092\u3054\u5229\u7528\u3044\u305f\u3060\u304d\u3042\u308a\u304c\u3068\u3046\u3054\u3056\u3044\u307e\u3059\u3002\n\n\u3053\u306e\u30d7\u30e9\u30a4\u30d0\u30b7\u30fc\u30dd\u30ea\u30b7\u30fc\uff08\u4ee5\u4e0b\u3001\u300c\u672c\u30dd\u30ea\u30b7\u30fc\u300d\u3068\u3044\u3044\u307e\u3059\u3002\uff09\u306f\u3001\u5f53\u793e\u306b\u304a\u3051\u308b\u30d7\u30e9\u30a4\u30d0\u30b7\u30fc\u60c5\u5831\u306e\u53d6\u6271\u65b9\u91dd\u3067\u3059\u3002\u30e6\u30fc\u30b6\u30fc\u306e\u7686\u3055\u307e\u304c\u5f53\u793e\u306e\u30b5\u30fc\u30d3\u30b9\u3092\u5229\u7528\u3057\u305f\u5834\u5408\u306b\u306f\u3001\u672c\u30dd\u30ea\u30b7\u30fc\u306b\u540c\u610f\u3057\u305f\u3082\u306e\u3068\u307f\u306a\u3055\u308c\u307e\u3059\u3002\n<h2>\u30d7\u30e9\u30a4\u30d0\u30b7\u30fc\u60c5\u5831\u3068\u306f\u4f55\u3067\u3059\u304b\uff1f<\/h2>\n\u30d7\u30e9\u30a4\u30d0\u30b7\u30fc\u60c5\u5831\u3068\u306f\u3001\u300c\u500b\u4eba\u60c5\u5831\u300d\u3068\u300c\u5c65\u6b74\u60c5\u5831\u304a\u3088\u3073\u7279\u6027\u60c5\u5831\u300d\u306e\u4e21\u65b9\u3067\u3059\u3002\n\u300c\u500b\u4eba\u60c5\u5831\u300d\u3068\u306f\u3001\u500b\u4eba\u60c5\u5831\u4fdd\u8b77\u6cd5\u306b\u3044\u3046\u300c\u500b\u4eba\u60c5\u5831\u300d\u3092\u6307\u3057\u3001\u751f\u5b58\u3059\u308b\u500b\u4eba\u306b\u95a2\u3059\u308b\u60c5\u5831\u3067\u3042\u3063\u3066\u3001\u5f53\u8a72\u60c5\u5831\u306b\u542b\u307e\u308c\u308b\u6c0f\u540d\u3001\u751f\u5e74\u6708\u65e5\u3001\u4f4f\u6240\u3001\u96fb\u8a71\u756a\u53f7\u3001\u9023\u7d61\u5148\u305d\u306e\u4ed6\u306e\u8a18\u8ff0\u7b49\u306b\u3088\u308a\u7279\u5b9a\u306e\u500b\u4eba\u3092\u8b58\u5225\u3067\u304d\u308b\u60c5\u5831\u3092\u6307\u3057\u307e\u3059\u3002\n\u300c\u5c65\u6b74\u60c5\u5831\u304a\u3088\u3073\u7279\u6027\u60c5\u5831\u300d\u3068\u306f\u3001\u300c\u500b\u4eba\u60c5\u5831\u300d\u4ee5\u5916\u306e\u3082\u306e\u3067\u3001\u3054\u5229\u7528\u3044\u305f\u3060\u3044\u305f\u30b5\u30fc\u30d3\u30b9\u3084\u3054\u8cfc\u5165\u3044\u305f\u3060\u3044\u305f\u5546\u54c1\u3001\u3054\u89a7\u306b\u306a\u3063\u305f\u30da\u30fc\u30b8\u3084\u5e83\u544a\u306e\u5c65\u6b74\u3001\u30e6\u30fc\u30b6\u30fc\u304c\u691c\u7d22\u3055\u308c\u305f\u691c\u7d22\u30ad\u30fc\u30ef\u30fc\u30c9\u3001\u3054\u5229\u7528\u65e5\u6642\u3001\u3054\u5229\u7528\u306e\u65b9\u6cd5\u3001\u3054\u5229\u7528\u74b0\u5883\u3001\u90f5\u4fbf\u756a\u53f7\u3084\u6027\u5225\u3001\u8077\u696d\u3001\u5e74\u9f62\u3001\u30e6\u30fc\u30b6\u30fc\u306eIP\u30a2\u30c9\u30ec\u30b9\u3001\u30af\u30c3\u30ad\u30fc\u60c5\u5831\u3001\u4f4d\u7f6e\u60c5\u5831\u3001\u7aef\u672b\u306e\u500b\u4f53\u8b58\u5225\u60c5\u5831\u306a\u3069\u3092\u6307\u3057\u307e\u3059\u3002\n<h2>\u3069\u306e\u3088\u3046\u306b\u30d7\u30e9\u30a4\u30d0\u30b7\u30fc\u60c5\u5831\u3092\u53ce\u96c6\u3059\u308b\u306e\u3067\u3059\u304b\uff1f<\/h2>\n\u5f53\u793e\u306f\u3001\u30e6\u30fc\u30b6\u30fc\u304c\u5f53\u793e\u306e\u30b5\u30fc\u30d3\u30b9\u306b\u5229\u7528\u767b\u9332\u3092\u3057\u307e\u305f\u306f\u5229\u7528\u3059\u308b\u969b\u306b\u300c\u500b\u4eba\u60c5\u5831\u300d\u3092\u3001\u30e6\u30fc\u30b6\u30fc\u304c\u5f53\u793e\u306e\u30b5\u30fc\u30d3\u30b9\u3092\u5229\u7528\u3057\u307e\u305f\u306f\u30da\u30fc\u30b8\u3092\u95b2\u89a7\u3059\u308b\u969b\u306b\u30e6\u30fc\u30b6\u30fc\u306e\u300c\u5c65\u6b74\u60c5\u5831\u304a\u3088\u3073\u7279\u6027\u60c5\u5831\u300d\u3092\u3001\u305d\u308c\u305e\u308c\u53ce\u96c6\u3059\u308b\u3053\u3068\u304c\u3042\u308a\u307e\u3059\u3002\n\u307e\u305f\uff0c\u30e6\u30fc\u30b6\u30fc\u304c\u672c\u30b5\u30fc\u30d3\u30b9\u3092\u5229\u7528\u3059\u308b\u306b\u3042\u305f\u308a\u3001\u5916\u90e8\u30b5\u30fc\u30d3\u30b9\u3068\u306e\u9023\u643a\u3092\u8a2d\u5b9a\u3057\u305f\u5834\u5408\u306b\u306f\u3001\u305d\u306e\u5916\u90e8\u30b5\u30fc\u30d3\u30b9\u3067\u30e6\u30fc\u30b6\u30fc\u304c\u5229\u7528\u3059\u308bID\u3084\u305d\u306e\u4ed6\u305d\u306e\u5916\u90e8\u30b5\u30fc\u30d3\u30b9\u306e\u30d7\u30e9\u30a4\u30d0\u30b7\u30fc\u8a2d\u5b9a\u306b\u3088\u308a\u30e6\u30fc\u30b6\u30fc\u304c\u9023\u643a\u5148\u306b\u958b\u793a\u3092\u8a8d\u3081\u305f\u60c5\u5831\u3092\u3001\u305d\u306e\u5916\u90e8\u30b5\u30fc\u30d3\u30b9\u304b\u3089\u53ce\u96c6\u3057\u307e\u3059\u3002\n<h2>\u30d7\u30e9\u30a4\u30d0\u30b7\u30fc\u60c5\u5831\u306f\u3069\u306e\u3088\u3046\u306a\u76ee\u7684\u3067\u5229\u7528\u3055\u308c\u307e\u3059\u304b\uff1f<\/h2>\n\u5f53\u793e\u304c\u30d7\u30e9\u30a4\u30d0\u30b7\u30fc\u60c5\u5831\u3092\u53ce\u96c6\u30fb\u5229\u7528\u3059\u308b\u76ee\u7684\u306f\u3001\u6b21\u306e\u3068\u304a\u308a\u3067\u3059\u3002\n<ul>\n \t<li>\u30a2\uff09\u767b\u9332\u60c5\u5831\u306e\u95b2\u89a7\u30fb\u4fee\u6b63\u3001\u5229\u7528\u72b6\u6cc1\u306e\u78ba\u8a8d<\/li>\n \t<li>\u30a4\uff09\u901a\u77e5\u30fb\u9023\u7d61\u30fb\u914d\u9001\u7b49<\/li>\n \t<li>\u30a6\uff09\u672c\u4eba\u78ba\u8a8d<\/li>\n \t<li>\u30a8\uff09\u4ee3\u91d1\u8acb\u6c42<\/li>\n \t<li>\u30aa\uff09\u30c7\u30fc\u30bf\u5165\u529b\u88dc\u52a9\u3084\u5916\u90e8\u8ee2\u9001<\/li>\n \t<li>\u30ab\uff09\u898f\u7d04\u9055\u53cd\u30fb\u4e0d\u6b63\u5229\u7528\u306e\u5bfe\u5fdc<\/li>\n \t<li>\u30ad\uff09\u304a\u554f\u3044\u5408\u308f\u305b\u5bfe\u5fdc<\/li>\n \t<li>\u30af\uff09\u7d71\u8a08\u30c7\u30fc\u30bf\u4f5c\u6210<\/li>\n \t<li>\u30b1\uff09\u5e83\u544a\u914d\u4fe1\u3084\u8868\u793a<\/li>\n \t<li>\u30b3\uff09\u30de\u30fc\u30b1\u30c6\u30a3\u30f3\u30b0<\/li>\n \t<li>\u30b5\uff09\u4e0a\u8a18\u306b\u4ed8\u968f\u3059\u308b\u76ee\u7684<\/li>\n<\/ul>\n<h2>\u30d7\u30e9\u30a4\u30d0\u30b7\u30fc\u60c5\u5831\u306f\u7b2c\u4e09\u8005\u306b\u63d0\u4f9b\u3055\u308c\u308b\u3053\u3068\u304c\u3042\u308a\u307e\u3059\u304b\uff1f<\/h2>\n\u5f53\u793e\u306f\u3001\u6b21\u306b\u63b2\u3052\u308b\u5834\u5408\u3092\u9664\u3044\u3066\u3001\u3042\u3089\u304b\u3058\u3081\u30e6\u30fc\u30b6\u30fc\u306e\u540c\u610f\u3092\u5f97\u308b\u3053\u3068\u306a\u304f\u3001\u7b2c\u4e09\u8005\u306b\u30d7\u30e9\u30a4\u30d0\u30b7\u30fc\u60c5\u5831\u3092\u63d0\u4f9b\u3059\u308b\u3053\u3068\u306f\u3042\u308a\u307e\u305b\u3093\u3002\u305f\u3060\u3057\u3001\u6cd5\u4ee4\u3067\u8a8d\u3081\u3089\u308c\u308b\u5834\u5408\u3092\u9664\u304d\u307e\u3059\u3002\n<ul>\n \t<li>\u30a2\uff09\u6cd5\u4ee4\u306b\u57fa\u3065\u304f\u5834\u5408<\/li>\n \t<li>\u30a4\uff09\u4eba\u547d\u30fb\u8ca1\u7523\u4fdd\u8b77\u3067\u540c\u610f\u53d6\u5f97\u304c\u56f0\u96e3\u306a\u5834\u5408<\/li>\n \t<li>\u30a6\uff09\u516c\u8846\u885b\u751f\u3084\u5150\u7ae5\u80b2\u6210\u3067\u540c\u610f\u53d6\u5f97\u304c\u56f0\u96e3\u306a\u5834\u5408<\/li>\n \t<li>\u30a8\uff09\u6cd5\u4ee4\u4e8b\u52d9\u5354\u529b\u3067\u540c\u610f\u304c\u652f\u969c\u3068\u306a\u308b\u5834\u5408<\/li>\n<\/ul>\n\u306a\u304a\u3001\u696d\u52d9\u59d4\u8a17\u3084\u4e8b\u696d\u627f\u7d99\u306b\u3088\u308b\u63d0\u4f9b\u306f\u7b2c\u4e09\u8005\u63d0\u4f9b\u306b\u8a72\u5f53\u3057\u307e\u305b\u3093\u3002\u307e\u305f\u3001\u5916\u90e8\u30b5\u30fc\u30d3\u30b9\u3068\u306e\u9023\u643a\u306b\u3088\u308a\u3001\u30e6\u30fc\u30b6\u30fc\u306e\u4f9d\u983c\u3067\u60c5\u5831\u3092\u5171\u6709\u307e\u305f\u306f\u958b\u793a\u3059\u308b\u5834\u5408\u3082\u3042\u308a\u307e\u3059\u3002\n<h2>\u81ea\u5206\u306e\u30d7\u30e9\u30a4\u30d0\u30b7\u30fc\u60c5\u5831\u3092\u78ba\u8a8d\u3057\u305f\u308a\u3001\u8a02\u6b63\u3092\u6c42\u3081\u308b\u3053\u3068\u304c\u3067\u304d\u307e\u3059\u304b\uff1f<\/h2>\n\u672c\u4eba\u304b\u3089\u306e\u958b\u793a\u8acb\u6c42\u306b\u306f\u3001\u539f\u5247\u3068\u3057\u3066\u5bfe\u5fdc\u3057\u307e\u3059\u304c\u3001\u958b\u793a\u304c\u6a29\u5229\u5229\u76ca\u3092\u5bb3\u3059\u308b\u5834\u5408\u3084\u6cd5\u4ee4\u9055\u53cd\u3068\u306a\u308b\u5834\u5408\u306b\u306f\u958b\u793a\u3092\u5236\u9650\u3057\u307e\u3059\u3002\n\u958b\u793a\u624b\u6570\u6599\u306f1\u4ef6\u306b\u3064\u304d1,000\u5186\u3067\u3059\u3002\n\u8aa4\u3063\u305f\u500b\u4eba\u60c5\u5831\u306b\u3064\u3044\u3066\u306f\u3001\u672c\u4eba\u304b\u3089\u306e\u8acb\u6c42\u306b\u3088\u308a\u3001\u5fc5\u8981\u306b\u5fdc\u3058\u3066\u8a02\u6b63\u30fb\u524a\u9664\u3092\u884c\u3044\u901a\u77e5\u3057\u307e\u3059\u3002\n<h2>\u30d7\u30e9\u30a4\u30d0\u30b7\u30fc\u60c5\u5831\u306e\u5229\u7528\u505c\u6b62\u3092\u6c42\u3081\u308b\u3053\u3068\u304c\u3067\u304d\u307e\u3059\u304b\uff1f<\/h2>\n\u5229\u7528\u76ee\u7684\u5916\u3084\u4e0d\u6b63\u53d6\u5f97\u304c\u5224\u660e\u3057\u305f\u5834\u5408\u3001\u672c\u4eba\u306e\u8acb\u6c42\u306b\u3088\u308a\u8abf\u67fb\u306e\u4e0a\u3001\u5229\u7528\u505c\u6b62\u7b49\u3092\u884c\u3044\u307e\u3059\u3002\n\u305f\u3060\u3057\u3001\u8cbb\u7528\u304c\u904e\u5927\u306a\u5834\u5408\u3084\u56f0\u96e3\u306a\u5834\u5408\u306f\u3001\u4ee3\u66ff\u63aa\u7f6e\u3092\u8b1b\u3058\u307e\u3059\u3002\n<h2>\u30d7\u30e9\u30a4\u30d0\u30b7\u30fc\u30dd\u30ea\u30b7\u30fc\u306e\u5909\u66f4<\/h2>\n\u672c\u30dd\u30ea\u30b7\u30fc\u306e\u5185\u5bb9\u306f\u3001\u4e88\u544a\u306a\u304f\u5909\u66f4\u3059\u308b\u3053\u3068\u304c\u3042\u308a\u307e\u3059\u3002\u5909\u66f4\u5f8c\u306f\u5f53\u30a6\u30a7\u30d6\u30b5\u30a4\u30c8\u4e0a\u306b\u63b2\u8f09\u3055\u308c\u305f\u6642\u70b9\u3067\u52b9\u529b\u3092\u751f\u3058\u307e\u3059\u3002\n<h2>\u304a\u554f\u3044\u5408\u308f\u305b\u7a93\u53e3<\/h2>\n\u672c\u30dd\u30ea\u30b7\u30fc\u306b\u95a2\u3059\u308b\u304a\u554f\u3044\u5408\u308f\u305b\u306f\u3001\u4e0b\u8a18\u307e\u3067\u304a\u9858\u3044\u3044\u305f\u3057\u307e\u3059\u3002<br>\n\u4f4f\u6240\uff1a\u795e\u5948\u5ddd\u770c\u5ddd\u5d0e\u5e02\u5bae\u524d\u533a\u72ac\u85353-3-10\n\u62c5\u5f53\u8005\uff1a\u6728\u6751 \u5143\u7d00<br>\n\uff25\u30e1\u30fc\u30eb\u30a2\u30c9\u30ec\u30b9\uff1ainfo@akiya-sumica.com<h2>\u5236\u5b9a\u65e5\uff1a2025\/6\/30<\/h2>\n&nbsp;\t\t\t\t\t\t\t<\/div>\r\n\t\t\t\t\t\t\t\t\t\t<\/div>\n\t\t\t\t<\/div>\n\t\t\t\t\t<\/div>\n\t\t\t\t<\/div>\n\t\t\t\t<\/div>","protected":false},"excerpt":{"rendered":"<p>Thank you very much for using the services provided by us. The Privacy Policy (hereinafter, \u201cthe Policy\u201d) sets forth our privacy information handling principles. You or users are deemed to have agreed with the Policy if you use our services. What is privacy information? Privacy information includes both personal information; and history information and characteristic information. Personal information refers to the personal information prescribed in the Act on the Protection of Personal Information or information relating to a living individual, specifically the name, date of birth, address, telephone number and other contact information, and any other described information that can identify individuals. Information other than personal information corresponds to history&#8230;<\/p>","protected":false},"author":1,"featured_media":0,"parent":0,"menu_order":0,"comment_status":"closed","ping_status":"closed","template":"","meta":{"_acf_changed":false,"footnotes":""},"class_list":["post-3","page","type-page","status-publish"],"acf":[],"aioseo_notices":[],"_links":{"self":[{"href":"https:\/\/akiya-sumica.com\/es\/wp-json\/wp\/v2\/pages\/3","targetHints":{"allow":["GET"]}}],"collection":[{"href":"https:\/\/akiya-sumica.com\/es\/wp-json\/wp\/v2\/pages"}],"about":[{"href":"https:\/\/akiya-sumica.com\/es\/wp-json\/wp\/v2\/types\/page"}],"author":[{"embeddable":true,"href":"https:\/\/akiya-sumica.com\/es\/wp-json\/wp\/v2\/users\/1"}],"replies":[{"embeddable":true,"href":"https:\/\/akiya-sumica.com\/es\/wp-json\/wp\/v2\/comments?post=3"}],"version-history":[{"count":40,"href":"https:\/\/akiya-sumica.com\/es\/wp-json\/wp\/v2\/pages\/3\/revisions"}],"predecessor-version":[{"id":15158,"href":"https:\/\/akiya-sumica.com\/es\/wp-json\/wp\/v2\/pages\/3\/revisions\/15158"}],"wp:attachment":[{"href":"https:\/\/akiya-sumica.com\/es\/wp-json\/wp\/v2\/media?parent=3"}],"curies":[{"name":"wp","href":"https:\/\/api.w.org\/{rel}","templated":true}]}}