{"id":3,"date":"2025-05-08T22:11:14","date_gmt":"2025-05-08T13:11:14","guid":{"rendered":"https:\/\/movetojapan.support\/test\/?page_id=3"},"modified":"2025-07-12T15:51:08","modified_gmt":"2025-07-12T06:51:08","slug":"privacy-policy","status":"publish","type":"page","link":"https:\/\/akiya-sumica.com\/fr\/privacy-policy\/","title":{"rendered":"Politique de confidentialit\u00e9"},"content":{"rendered":"<div data-elementor-type=\"wp-page\" data-elementor-id=\"3\" class=\"elementor elementor-3\" data-elementor-post-type=\"page\">\n\t\t\t\t<div class=\"elementor-element elementor-element-50945289 thegem-e-con-layout-thegem e-flex e-con-boxed e-con e-parent\" data-id=\"50945289\" data-element_type=\"container\" data-settings=\"{&quot;thegem_container_layout&quot;:&quot;thegem&quot;}\">\n\t\t\t\t\t<div class=\"e-con-inner\">\n\t\t\t\t<div class=\"elementor-element elementor-element-48534fdc flex-horizontal-align-default flex-horizontal-align-tablet-default flex-horizontal-align-mobile-default flex-vertical-align-default flex-vertical-align-tablet-default flex-vertical-align-mobile-default elementor-widget elementor-widget-text-editor\" data-id=\"48534fdc\" data-element_type=\"widget\" data-widget_type=\"text-editor.default\">\n\t\t\t\t<div class=\"elementor-widget-container\">\n\t\t\t\t\t\t\t\t\t\t\t\t<div class=\"elementor-text-editor elementor-clearfix\">\r\n\t\t\t\t\t\t<style><span data-mce-type=\"bookmark\" style=\"display: inline-block; width: 0px; overflow: hidden; line-height: 0;\" class=\"mce_SELRES_start\">\ufeff<\/span><br \/>\n    h2 {<br \/>      font-size: 1.5em;<br \/>      font-weight: bold;<br \/>      margin-top: 1.5em;<br \/>    }<br \/>    body {<br \/>      font-family: Arial, sans-serif;<br \/>      line-height: 1.6;<br \/>      margin: 2em;<br \/>    }<br \/>  <\/style>\n\nNous vous remercions d'avoir utilis\u00e9 nos services.\n\nLa politique de protection de la vie priv\u00e9e (ci-apr\u00e8s, \"la politique\") \u00e9nonce nos principes de traitement des informations relatives \u00e0 la protection de la vie priv\u00e9e. Vous ou les utilisateurs \u00eates r\u00e9put\u00e9s avoir accept\u00e9 la politique si vous utilisez nos services.\n<h2>Qu'est-ce que l'information sur la vie priv\u00e9e ?<\/h2>\nLes informations relatives \u00e0 la vie priv\u00e9e comprennent \u00e0 la fois les informations personnelles, les informations sur les ant\u00e9c\u00e9dents et les informations sur les caract\u00e9ristiques.\nLes informations personnelles font r\u00e9f\u00e9rence aux informations personnelles prescrites par la loi sur la protection des informations personnelles ou aux informations relatives \u00e0 une personne vivante, en particulier le nom, la date de naissance, l'adresse, le num\u00e9ro de t\u00e9l\u00e9phone et d'autres informations de contact, ainsi que toute autre information d\u00e9crite qui permet d'identifier les personnes.\nLes informations autres que les informations personnelles correspondent \u00e0 l'historique et aux informations caract\u00e9ristiques, telles que les services utilis\u00e9s, les produits achet\u00e9s, l'historique des pages\/annonces consult\u00e9es, les mots-cl\u00e9s de recherche utilis\u00e9s par les utilisateurs, l'heure et la date d'utilisation, les m\u00e9thodes d'utilisation, l'environnement d'utilisation, le code postal, le sexe, la profession, l'\u00e2ge, l'adresse IP de l'utilisateur, les informations sur les cookies, les informations de localisation et les informations d'identification du terminal.\n<h2>Comment recueillez-vous les informations relatives \u00e0 la protection de la vie priv\u00e9e ?<\/h2>\nNous pouvons collecter des informations personnelles lorsqu'un utilisateur s'inscrit ou utilise l'un de nos services et\/ou des informations sur l'historique et les caract\u00e9ristiques d'un utilisateur lorsqu'il utilise l'un de nos services ou consulte l'une des pages de notre site web.\nSi un utilisateur effectue des r\u00e9glages de telle sorte que l'utilisation des services est li\u00e9e \u00e0 un service externe, nous collecterons l'identifiant \u00e0 utiliser par l'utilisateur dans le service externe et\/ou les informations que l'utilisateur accepte de divulguer au service li\u00e9 dans le cadre des param\u00e8tres de confidentialit\u00e9 du service externe.\n<h2>Dans quel but utilisez-vous les informations relatives \u00e0 la protection de la vie priv\u00e9e ?<\/h2>\nLes objectifs de la collecte et de l'utilisation des informations relatives \u00e0 la protection de la vie priv\u00e9e sont d\u00e9crits ci-dessous.\n<ul>\n \t<li>A) Pr\u00e9senter les informations enregistr\u00e9es, y compris le nom, l'adresse, les coordonn\u00e9es et les m\u00e9thodes de paiement de l'utilisateur, les services utilis\u00e9s, les produits achet\u00e9s et les frais li\u00e9s \u00e0 ces services\/produits, afin que les utilisateurs puissent consulter et\/ou corriger leurs informations enregistr\u00e9es et\/ou voir l'\u00e9tat de l'utilisation.<\/li>\n \t<li>B) utiliser une adresse \u00e9lectronique pour notifier ou contacter les utilisateurs, utiliser les informations de contact telles que le nom et l'adresse afin d'envoyer des produits aux utilisateurs, contacter les utilisateurs si n\u00e9cessaire<\/li>\n \t<li>C) Utiliser des informations telles que le nom, la date de naissance, l'adresse, le num\u00e9ro de t\u00e9l\u00e9phone, le num\u00e9ro de compte bancaire, le num\u00e9ro de carte de cr\u00e9dit, le num\u00e9ro de permis de conduire et l'arriv\u00e9e du courrier avec le certificat de livraison pour v\u00e9rifier l'identit\u00e9 de l'utilisateur.<\/li>\n \t<li>D) utiliser les informations relatives au paiement, telles que les noms\/quantit\u00e9s de produits achet\u00e9s, les types\/p\u00e9riodes de services utilis\u00e9s, le nombre de fois o\u00f9 les services ont \u00e9t\u00e9 utilis\u00e9s, le montant factur\u00e9, le nom, l'adresse, le num\u00e9ro de compte bancaire et le num\u00e9ro de carte de cr\u00e9dit, afin de facturer les utilisateurs.<\/li>\n \t<li>E) afficher les informations enregistr\u00e9es sur un \u00e9cran de saisie afin que les utilisateurs puissent facilement entrer des donn\u00e9es ou transmettre ces informations \u00e0 des services externes selon les instructions des utilisateurs<\/li>\n \t<li>F) utiliser des informations permettant d'identifier des personnes, telles que l'\u00e9tat d'utilisation, le nom et l'adresse, afin de refuser l'utilisation du service aux utilisateurs qui enfreignent les conditions d'utilisation du service, par exemple en ne payant pas les frais et en causant des dommages \u00e0 un tiers, ou aux utilisateurs qui tentent d'utiliser le service \u00e0 des fins injustes\/ill\u00e9gales.<\/li>\n \t<li>G) utiliser les informations n\u00e9cessaires \u00e0 la fourniture de services aux utilisateurs, telles que les informations concernant les d\u00e9tails des demandes et de la facturation, le statut de l'utilisation des services par les utilisateurs et les coordonn\u00e9es des utilisateurs afin de r\u00e9pondre \u00e0 leurs demandes.<\/li>\n \t<li>H) pr\u00e9parer des donn\u00e9es statistiques trait\u00e9es sous une forme qui ne permet pas l'identification personnelle dans le cadre de nos services<\/li>\n \t<li>I) distribuer ou afficher des publicit\u00e9s de nous ou d'un tiers<\/li>\n \t<li>J) Utiliser les informations relatives \u00e0 la vie priv\u00e9e \u00e0 des fins de marketing<\/li>\n \t<li>K) Fins accessoires aux fins de l'utilisation susmentionn\u00e9e<\/li>\n<\/ul>\n<h2>Fournissez-vous des informations sur la protection de la vie priv\u00e9e \u00e0 un tiers ?<\/h2>\nNous ne fournirons pas d'informations sur la protection de la vie priv\u00e9e \u00e0 un tiers sans l'accord pr\u00e9alable des utilisateurs, sauf dans les cas suivants. Cela exclut toutefois les cas o\u00f9 la fourniture est autoris\u00e9e en vertu de la loi sur la protection des donn\u00e9es \u00e0 caract\u00e8re personnel ou de toute autre loi ou r\u00e9glementation.\n<ul>\n \t<li>A) Lorsque les lois et r\u00e8glements l'exigent<\/li>\n \t<li>B) Lorsque la disposition est n\u00e9cessaire pour prot\u00e9ger la vie, le corps ou les biens d'une personne et qu'il est difficile d'obtenir l'approbation de l'utilisateur lui-m\u00eame.<\/li>\n \t<li>C) Lorsqu'il est particuli\u00e8rement n\u00e9cessaire d'am\u00e9liorer la sant\u00e9 publique ou de promouvoir la croissance saine des enfants et qu'il est difficile d'obtenir l'accord de l'utilisateur lui-m\u00eame<\/li>\n \t<li>D) Lorsqu'il est n\u00e9cessaire d'aider une organisation nationale, une organisation publique locale ou un entrepreneur \u00e0 effectuer les travaux de bureau prescrits par les lois et r\u00e8glements et que l'approbation de l'utilisateur lui-m\u00eame pourrait perturber l'ex\u00e9cution des travaux de bureau.<\/li>\n<\/ul>\nSi nous externalisons tout ou partie du traitement des informations relatives \u00e0 la vie priv\u00e9e dans la mesure n\u00e9cessaire pour atteindre l'objectif de l'utilisation ou si les informations relatives \u00e0 la vie priv\u00e9e sont fournies dans le cadre d'une succession d'activit\u00e9s \u00e0 la suite d'une fusion ou pour toute autre raison, cela ne correspondra pas \u00e0 la fourniture d'informations relatives \u00e0 la vie priv\u00e9e \u00e0 une tierce partie.\n\nNous pouvons partager ou divulguer des informations sur la vie priv\u00e9e \u00e0 la demande de l'utilisateur si ce dernier \u00e9tablit un lien entre nos services et des services externes lors de l'utilisation de nos services.\n<h2>Puis-je v\u00e9rifier mes informations sur la protection de la vie priv\u00e9e ou vous demander de les corriger ?<\/h2>\nSi un utilisateur demande lui-m\u00eame la divulgation des informations relatives \u00e0 la vie priv\u00e9e (\u00e0 l'exclusion de l'historique ou des informations sur les caract\u00e9ristiques) \u00e0 l'utilisateur lui-m\u00eame, nous les divulguerons sans d\u00e9lai. Toutefois, si la divulgation risque de porter atteinte \u00e0 la vie, \u00e0 l'int\u00e9grit\u00e9 physique, \u00e0 la propri\u00e9t\u00e9 ou \u00e0 d'autres int\u00e9r\u00eats de l'utilisateur ou d'un tiers, si elle risque d'entraver consid\u00e9rablement la bonne marche de nos activit\u00e9s ou si elle enfreint les lois et r\u00e8glements, nous nous abstiendrons de divulguer tout ou partie des informations. Si nous d\u00e9cidons de ne pas divulguer les informations, nous vous en informerons sans d\u00e9lai.\n\nNous vous facturerons 1000 yens pour chaque cas de divulgation d'informations personnelles.\n\nSi les informations personnelles d'un utilisateur que nous poss\u00e9dons sont incorrectes, l'utilisateur peut nous demander de les corriger ou de les supprimer en suivant la proc\u00e9dure que nous avons d\u00e9finie. Si un utilisateur fait une telle demande et que nous jugeons n\u00e9cessaire d'y r\u00e9pondre, nous corrigerons ou supprimerons les informations personnelles et en informerons l'utilisateur sans d\u00e9lai.\n<h2>Puis-je vous demander de cesser d'utiliser mes donn\u00e9es personnelles ?<\/h2>\nLorsque l'utilisateur demande l'arr\u00eat de l'utilisation de ses donn\u00e9es \u00e0 caract\u00e8re personnel (ci-apr\u00e8s \"l'arr\u00eat de l'utilisation\") en invoquant le fait que les donn\u00e9es \u00e0 caract\u00e8re personnel sont trait\u00e9es au-del\u00e0 des objectifs d'utilisation ou que les donn\u00e9es \u00e0 caract\u00e8re personnel sont obtenues par des moyens injustes, nous m\u00e8nerons l'enqu\u00eate n\u00e9cessaire et, en fonction des r\u00e9sultats de l'enqu\u00eate, nous prendrons des mesures telles que l'arr\u00eat de l'utilisation, et nous en informerons l'utilisateur sans tarder.\nToutefois, nous prendrons d'autres mesures si l'interruption de l'utilisation des informations relatives \u00e0 la vie priv\u00e9e entra\u00eene des d\u00e9penses excessives ou si elle est difficile et que d'autres mesures sont possibles afin de prot\u00e9ger les droits et les avantages des utilisateurs.\n<h2>Modification de la politique de confidentialit\u00e9<\/h2>\nLa pr\u00e9sente politique de protection de la vie priv\u00e9e est susceptible d'\u00eatre modifi\u00e9e sans notification aux utilisateurs.\nLa politique de confidentialit\u00e9 modifi\u00e9e entrera en vigueur lorsqu'elle sera plac\u00e9e sur ce site web, sauf indication contraire de notre part.\n<h2>Contact pour les demandes de renseignements<\/h2>\nSi vous avez des questions concernant cette politique, veuillez nous contacter \u00e0 l'adresse suivante<br>\nPersonne de contact : \u6728\u6751 \u5143\u7d00<br>\nAdresse : 3-3-10 Inuzuka, Miyamae-ku, Kawasaki-shi, Kanagawa 216-0011, Japon<br>\nE-mail address: info@akiya-sumica.com\n<h2>Cr\u00e9\u00e9 le : 2025\/6\/30<\/h2>\n**************************************************************************************************************************************************\n\n\uff1c\u4ee5\u4e0b\u65e5\u672c\u8a9e\uff1e<br>\n\nSumica\u682a\u5f0f\u4f1a\u793e\u306e\u30b5\u30fc\u30d3\u30b9\u3092\u3054\u5229\u7528\u3044\u305f\u3060\u304d\u3042\u308a\u304c\u3068\u3046\u3054\u3056\u3044\u307e\u3059\u3002\n\n\u3053\u306e\u30d7\u30e9\u30a4\u30d0\u30b7\u30fc\u30dd\u30ea\u30b7\u30fc\uff08\u4ee5\u4e0b\u3001\u300c\u672c\u30dd\u30ea\u30b7\u30fc\u300d\u3068\u3044\u3044\u307e\u3059\u3002\uff09\u306f\u3001\u5f53\u793e\u306b\u304a\u3051\u308b\u30d7\u30e9\u30a4\u30d0\u30b7\u30fc\u60c5\u5831\u306e\u53d6\u6271\u65b9\u91dd\u3067\u3059\u3002\u30e6\u30fc\u30b6\u30fc\u306e\u7686\u3055\u307e\u304c\u5f53\u793e\u306e\u30b5\u30fc\u30d3\u30b9\u3092\u5229\u7528\u3057\u305f\u5834\u5408\u306b\u306f\u3001\u672c\u30dd\u30ea\u30b7\u30fc\u306b\u540c\u610f\u3057\u305f\u3082\u306e\u3068\u307f\u306a\u3055\u308c\u307e\u3059\u3002\n<h2>\u30d7\u30e9\u30a4\u30d0\u30b7\u30fc\u60c5\u5831\u3068\u306f\u4f55\u3067\u3059\u304b\uff1f<\/h2>\n\u30d7\u30e9\u30a4\u30d0\u30b7\u30fc\u60c5\u5831\u3068\u306f\u3001\u300c\u500b\u4eba\u60c5\u5831\u300d\u3068\u300c\u5c65\u6b74\u60c5\u5831\u304a\u3088\u3073\u7279\u6027\u60c5\u5831\u300d\u306e\u4e21\u65b9\u3067\u3059\u3002\n\u300c\u500b\u4eba\u60c5\u5831\u300d\u3068\u306f\u3001\u500b\u4eba\u60c5\u5831\u4fdd\u8b77\u6cd5\u306b\u3044\u3046\u300c\u500b\u4eba\u60c5\u5831\u300d\u3092\u6307\u3057\u3001\u751f\u5b58\u3059\u308b\u500b\u4eba\u306b\u95a2\u3059\u308b\u60c5\u5831\u3067\u3042\u3063\u3066\u3001\u5f53\u8a72\u60c5\u5831\u306b\u542b\u307e\u308c\u308b\u6c0f\u540d\u3001\u751f\u5e74\u6708\u65e5\u3001\u4f4f\u6240\u3001\u96fb\u8a71\u756a\u53f7\u3001\u9023\u7d61\u5148\u305d\u306e\u4ed6\u306e\u8a18\u8ff0\u7b49\u306b\u3088\u308a\u7279\u5b9a\u306e\u500b\u4eba\u3092\u8b58\u5225\u3067\u304d\u308b\u60c5\u5831\u3092\u6307\u3057\u307e\u3059\u3002\n\u300c\u5c65\u6b74\u60c5\u5831\u304a\u3088\u3073\u7279\u6027\u60c5\u5831\u300d\u3068\u306f\u3001\u300c\u500b\u4eba\u60c5\u5831\u300d\u4ee5\u5916\u306e\u3082\u306e\u3067\u3001\u3054\u5229\u7528\u3044\u305f\u3060\u3044\u305f\u30b5\u30fc\u30d3\u30b9\u3084\u3054\u8cfc\u5165\u3044\u305f\u3060\u3044\u305f\u5546\u54c1\u3001\u3054\u89a7\u306b\u306a\u3063\u305f\u30da\u30fc\u30b8\u3084\u5e83\u544a\u306e\u5c65\u6b74\u3001\u30e6\u30fc\u30b6\u30fc\u304c\u691c\u7d22\u3055\u308c\u305f\u691c\u7d22\u30ad\u30fc\u30ef\u30fc\u30c9\u3001\u3054\u5229\u7528\u65e5\u6642\u3001\u3054\u5229\u7528\u306e\u65b9\u6cd5\u3001\u3054\u5229\u7528\u74b0\u5883\u3001\u90f5\u4fbf\u756a\u53f7\u3084\u6027\u5225\u3001\u8077\u696d\u3001\u5e74\u9f62\u3001\u30e6\u30fc\u30b6\u30fc\u306eIP\u30a2\u30c9\u30ec\u30b9\u3001\u30af\u30c3\u30ad\u30fc\u60c5\u5831\u3001\u4f4d\u7f6e\u60c5\u5831\u3001\u7aef\u672b\u306e\u500b\u4f53\u8b58\u5225\u60c5\u5831\u306a\u3069\u3092\u6307\u3057\u307e\u3059\u3002\n<h2>\u3069\u306e\u3088\u3046\u306b\u30d7\u30e9\u30a4\u30d0\u30b7\u30fc\u60c5\u5831\u3092\u53ce\u96c6\u3059\u308b\u306e\u3067\u3059\u304b\uff1f<\/h2>\n\u5f53\u793e\u306f\u3001\u30e6\u30fc\u30b6\u30fc\u304c\u5f53\u793e\u306e\u30b5\u30fc\u30d3\u30b9\u306b\u5229\u7528\u767b\u9332\u3092\u3057\u307e\u305f\u306f\u5229\u7528\u3059\u308b\u969b\u306b\u300c\u500b\u4eba\u60c5\u5831\u300d\u3092\u3001\u30e6\u30fc\u30b6\u30fc\u304c\u5f53\u793e\u306e\u30b5\u30fc\u30d3\u30b9\u3092\u5229\u7528\u3057\u307e\u305f\u306f\u30da\u30fc\u30b8\u3092\u95b2\u89a7\u3059\u308b\u969b\u306b\u30e6\u30fc\u30b6\u30fc\u306e\u300c\u5c65\u6b74\u60c5\u5831\u304a\u3088\u3073\u7279\u6027\u60c5\u5831\u300d\u3092\u3001\u305d\u308c\u305e\u308c\u53ce\u96c6\u3059\u308b\u3053\u3068\u304c\u3042\u308a\u307e\u3059\u3002\n\u307e\u305f\uff0c\u30e6\u30fc\u30b6\u30fc\u304c\u672c\u30b5\u30fc\u30d3\u30b9\u3092\u5229\u7528\u3059\u308b\u306b\u3042\u305f\u308a\u3001\u5916\u90e8\u30b5\u30fc\u30d3\u30b9\u3068\u306e\u9023\u643a\u3092\u8a2d\u5b9a\u3057\u305f\u5834\u5408\u306b\u306f\u3001\u305d\u306e\u5916\u90e8\u30b5\u30fc\u30d3\u30b9\u3067\u30e6\u30fc\u30b6\u30fc\u304c\u5229\u7528\u3059\u308bID\u3084\u305d\u306e\u4ed6\u305d\u306e\u5916\u90e8\u30b5\u30fc\u30d3\u30b9\u306e\u30d7\u30e9\u30a4\u30d0\u30b7\u30fc\u8a2d\u5b9a\u306b\u3088\u308a\u30e6\u30fc\u30b6\u30fc\u304c\u9023\u643a\u5148\u306b\u958b\u793a\u3092\u8a8d\u3081\u305f\u60c5\u5831\u3092\u3001\u305d\u306e\u5916\u90e8\u30b5\u30fc\u30d3\u30b9\u304b\u3089\u53ce\u96c6\u3057\u307e\u3059\u3002\n<h2>\u30d7\u30e9\u30a4\u30d0\u30b7\u30fc\u60c5\u5831\u306f\u3069\u306e\u3088\u3046\u306a\u76ee\u7684\u3067\u5229\u7528\u3055\u308c\u307e\u3059\u304b\uff1f<\/h2>\n\u5f53\u793e\u304c\u30d7\u30e9\u30a4\u30d0\u30b7\u30fc\u60c5\u5831\u3092\u53ce\u96c6\u30fb\u5229\u7528\u3059\u308b\u76ee\u7684\u306f\u3001\u6b21\u306e\u3068\u304a\u308a\u3067\u3059\u3002\n<ul>\n \t<li>\u30a2\uff09\u767b\u9332\u60c5\u5831\u306e\u95b2\u89a7\u30fb\u4fee\u6b63\u3001\u5229\u7528\u72b6\u6cc1\u306e\u78ba\u8a8d<\/li>\n \t<li>\u30a4\uff09\u901a\u77e5\u30fb\u9023\u7d61\u30fb\u914d\u9001\u7b49<\/li>\n \t<li>\u30a6\uff09\u672c\u4eba\u78ba\u8a8d<\/li>\n \t<li>\u30a8\uff09\u4ee3\u91d1\u8acb\u6c42<\/li>\n \t<li>\u30aa\uff09\u30c7\u30fc\u30bf\u5165\u529b\u88dc\u52a9\u3084\u5916\u90e8\u8ee2\u9001<\/li>\n \t<li>\u30ab\uff09\u898f\u7d04\u9055\u53cd\u30fb\u4e0d\u6b63\u5229\u7528\u306e\u5bfe\u5fdc<\/li>\n \t<li>\u30ad\uff09\u304a\u554f\u3044\u5408\u308f\u305b\u5bfe\u5fdc<\/li>\n \t<li>\u30af\uff09\u7d71\u8a08\u30c7\u30fc\u30bf\u4f5c\u6210<\/li>\n \t<li>\u30b1\uff09\u5e83\u544a\u914d\u4fe1\u3084\u8868\u793a<\/li>\n \t<li>\u30b3\uff09\u30de\u30fc\u30b1\u30c6\u30a3\u30f3\u30b0<\/li>\n \t<li>\u30b5\uff09\u4e0a\u8a18\u306b\u4ed8\u968f\u3059\u308b\u76ee\u7684<\/li>\n<\/ul>\n<h2>\u30d7\u30e9\u30a4\u30d0\u30b7\u30fc\u60c5\u5831\u306f\u7b2c\u4e09\u8005\u306b\u63d0\u4f9b\u3055\u308c\u308b\u3053\u3068\u304c\u3042\u308a\u307e\u3059\u304b\uff1f<\/h2>\n\u5f53\u793e\u306f\u3001\u6b21\u306b\u63b2\u3052\u308b\u5834\u5408\u3092\u9664\u3044\u3066\u3001\u3042\u3089\u304b\u3058\u3081\u30e6\u30fc\u30b6\u30fc\u306e\u540c\u610f\u3092\u5f97\u308b\u3053\u3068\u306a\u304f\u3001\u7b2c\u4e09\u8005\u306b\u30d7\u30e9\u30a4\u30d0\u30b7\u30fc\u60c5\u5831\u3092\u63d0\u4f9b\u3059\u308b\u3053\u3068\u306f\u3042\u308a\u307e\u305b\u3093\u3002\u305f\u3060\u3057\u3001\u6cd5\u4ee4\u3067\u8a8d\u3081\u3089\u308c\u308b\u5834\u5408\u3092\u9664\u304d\u307e\u3059\u3002\n<ul>\n \t<li>\u30a2\uff09\u6cd5\u4ee4\u306b\u57fa\u3065\u304f\u5834\u5408<\/li>\n \t<li>\u30a4\uff09\u4eba\u547d\u30fb\u8ca1\u7523\u4fdd\u8b77\u3067\u540c\u610f\u53d6\u5f97\u304c\u56f0\u96e3\u306a\u5834\u5408<\/li>\n \t<li>\u30a6\uff09\u516c\u8846\u885b\u751f\u3084\u5150\u7ae5\u80b2\u6210\u3067\u540c\u610f\u53d6\u5f97\u304c\u56f0\u96e3\u306a\u5834\u5408<\/li>\n \t<li>\u30a8\uff09\u6cd5\u4ee4\u4e8b\u52d9\u5354\u529b\u3067\u540c\u610f\u304c\u652f\u969c\u3068\u306a\u308b\u5834\u5408<\/li>\n<\/ul>\n\u306a\u304a\u3001\u696d\u52d9\u59d4\u8a17\u3084\u4e8b\u696d\u627f\u7d99\u306b\u3088\u308b\u63d0\u4f9b\u306f\u7b2c\u4e09\u8005\u63d0\u4f9b\u306b\u8a72\u5f53\u3057\u307e\u305b\u3093\u3002\u307e\u305f\u3001\u5916\u90e8\u30b5\u30fc\u30d3\u30b9\u3068\u306e\u9023\u643a\u306b\u3088\u308a\u3001\u30e6\u30fc\u30b6\u30fc\u306e\u4f9d\u983c\u3067\u60c5\u5831\u3092\u5171\u6709\u307e\u305f\u306f\u958b\u793a\u3059\u308b\u5834\u5408\u3082\u3042\u308a\u307e\u3059\u3002\n<h2>\u81ea\u5206\u306e\u30d7\u30e9\u30a4\u30d0\u30b7\u30fc\u60c5\u5831\u3092\u78ba\u8a8d\u3057\u305f\u308a\u3001\u8a02\u6b63\u3092\u6c42\u3081\u308b\u3053\u3068\u304c\u3067\u304d\u307e\u3059\u304b\uff1f<\/h2>\n\u672c\u4eba\u304b\u3089\u306e\u958b\u793a\u8acb\u6c42\u306b\u306f\u3001\u539f\u5247\u3068\u3057\u3066\u5bfe\u5fdc\u3057\u307e\u3059\u304c\u3001\u958b\u793a\u304c\u6a29\u5229\u5229\u76ca\u3092\u5bb3\u3059\u308b\u5834\u5408\u3084\u6cd5\u4ee4\u9055\u53cd\u3068\u306a\u308b\u5834\u5408\u306b\u306f\u958b\u793a\u3092\u5236\u9650\u3057\u307e\u3059\u3002\n\u958b\u793a\u624b\u6570\u6599\u306f1\u4ef6\u306b\u3064\u304d1,000\u5186\u3067\u3059\u3002\n\u8aa4\u3063\u305f\u500b\u4eba\u60c5\u5831\u306b\u3064\u3044\u3066\u306f\u3001\u672c\u4eba\u304b\u3089\u306e\u8acb\u6c42\u306b\u3088\u308a\u3001\u5fc5\u8981\u306b\u5fdc\u3058\u3066\u8a02\u6b63\u30fb\u524a\u9664\u3092\u884c\u3044\u901a\u77e5\u3057\u307e\u3059\u3002\n<h2>\u30d7\u30e9\u30a4\u30d0\u30b7\u30fc\u60c5\u5831\u306e\u5229\u7528\u505c\u6b62\u3092\u6c42\u3081\u308b\u3053\u3068\u304c\u3067\u304d\u307e\u3059\u304b\uff1f<\/h2>\n\u5229\u7528\u76ee\u7684\u5916\u3084\u4e0d\u6b63\u53d6\u5f97\u304c\u5224\u660e\u3057\u305f\u5834\u5408\u3001\u672c\u4eba\u306e\u8acb\u6c42\u306b\u3088\u308a\u8abf\u67fb\u306e\u4e0a\u3001\u5229\u7528\u505c\u6b62\u7b49\u3092\u884c\u3044\u307e\u3059\u3002\n\u305f\u3060\u3057\u3001\u8cbb\u7528\u304c\u904e\u5927\u306a\u5834\u5408\u3084\u56f0\u96e3\u306a\u5834\u5408\u306f\u3001\u4ee3\u66ff\u63aa\u7f6e\u3092\u8b1b\u3058\u307e\u3059\u3002\n<h2>\u30d7\u30e9\u30a4\u30d0\u30b7\u30fc\u30dd\u30ea\u30b7\u30fc\u306e\u5909\u66f4<\/h2>\n\u672c\u30dd\u30ea\u30b7\u30fc\u306e\u5185\u5bb9\u306f\u3001\u4e88\u544a\u306a\u304f\u5909\u66f4\u3059\u308b\u3053\u3068\u304c\u3042\u308a\u307e\u3059\u3002\u5909\u66f4\u5f8c\u306f\u5f53\u30a6\u30a7\u30d6\u30b5\u30a4\u30c8\u4e0a\u306b\u63b2\u8f09\u3055\u308c\u305f\u6642\u70b9\u3067\u52b9\u529b\u3092\u751f\u3058\u307e\u3059\u3002\n<h2>\u304a\u554f\u3044\u5408\u308f\u305b\u7a93\u53e3<\/h2>\n\u672c\u30dd\u30ea\u30b7\u30fc\u306b\u95a2\u3059\u308b\u304a\u554f\u3044\u5408\u308f\u305b\u306f\u3001\u4e0b\u8a18\u307e\u3067\u304a\u9858\u3044\u3044\u305f\u3057\u307e\u3059\u3002<br>\n\u4f4f\u6240\uff1a\u795e\u5948\u5ddd\u770c\u5ddd\u5d0e\u5e02\u5bae\u524d\u533a\u72ac\u85353-3-10\n\u62c5\u5f53\u8005\uff1a\u6728\u6751 \u5143\u7d00<br>\n\uff25\u30e1\u30fc\u30eb\u30a2\u30c9\u30ec\u30b9\uff1ainfo@akiya-sumica.com<h2>\u5236\u5b9a\u65e5\uff1a2025\/6\/30<\/h2>\n&nbsp;\t\t\t\t\t\t\t<\/div>\r\n\t\t\t\t\t\t\t\t\t\t<\/div>\n\t\t\t\t<\/div>\n\t\t\t\t\t<\/div>\n\t\t\t\t<\/div>\n\t\t\t\t<\/div>","protected":false},"excerpt":{"rendered":"<p>Thank you very much for using the services provided by us. The Privacy Policy (hereinafter, \u201cthe Policy\u201d) sets forth our privacy information handling principles. You or users are deemed to have agreed with the Policy if you use our services. What is privacy information? Privacy information includes both personal information; and history information and characteristic information. Personal information refers to the personal information prescribed in the Act on the Protection of Personal Information or information relating to a living individual, specifically the name, date of birth, address, telephone number and other contact information, and any other described information that can identify individuals. Information other than personal information corresponds to history&#8230;<\/p>","protected":false},"author":1,"featured_media":0,"parent":0,"menu_order":0,"comment_status":"closed","ping_status":"closed","template":"","meta":{"_acf_changed":false,"footnotes":""},"class_list":["post-3","page","type-page","status-publish"],"acf":[],"aioseo_notices":[],"_links":{"self":[{"href":"https:\/\/akiya-sumica.com\/fr\/wp-json\/wp\/v2\/pages\/3","targetHints":{"allow":["GET"]}}],"collection":[{"href":"https:\/\/akiya-sumica.com\/fr\/wp-json\/wp\/v2\/pages"}],"about":[{"href":"https:\/\/akiya-sumica.com\/fr\/wp-json\/wp\/v2\/types\/page"}],"author":[{"embeddable":true,"href":"https:\/\/akiya-sumica.com\/fr\/wp-json\/wp\/v2\/users\/1"}],"replies":[{"embeddable":true,"href":"https:\/\/akiya-sumica.com\/fr\/wp-json\/wp\/v2\/comments?post=3"}],"version-history":[{"count":40,"href":"https:\/\/akiya-sumica.com\/fr\/wp-json\/wp\/v2\/pages\/3\/revisions"}],"predecessor-version":[{"id":15158,"href":"https:\/\/akiya-sumica.com\/fr\/wp-json\/wp\/v2\/pages\/3\/revisions\/15158"}],"wp:attachment":[{"href":"https:\/\/akiya-sumica.com\/fr\/wp-json\/wp\/v2\/media?parent=3"}],"curies":[{"name":"wp","href":"https:\/\/api.w.org\/{rel}","templated":true}]}}